{"id":1100,"date":"2023-03-14T22:45:03","date_gmt":"2023-03-14T21:45:03","guid":{"rendered":"https:\/\/www.erpl-software.de\/?page_id=1100"},"modified":"2025-07-15T19:10:23","modified_gmt":"2025-07-15T17:10:23","slug":"erpl-enteprise","status":"publish","type":"page","link":"https:\/\/erpl.app\/en\/","title":{"rendered":"Your novel flexible ERP from Lusatia"},"content":{"rendered":"<div style=\"height:84px\" aria-hidden=\"true\" class=\"wp-block-spacer\"><\/div>\n\n\n\n<p class=\"has-contrast-3-color has-text-color has-link-color wp-elements-70e83bd89967893427f1871f0bf38009\">With our software, you manage your business, your family or your club with ease:<\/p>\n\n\n\n<ul class=\"wp-block-list is-style-checkmark-list has-contrast-3-color has-text-color has-link-color wp-elements-1135ac15322fc3f047d0f10c6a6d4c0f\">\n<li>All information at one place<\/li>\n\n\n\n<li>Fast search for the relevant documents or addresses<\/li>\n\n\n\n<li>Generate neat PDFs - in your own layout<\/li>\n\n\n\n<li>Multiple users can work collaboratively on the database<\/li>\n<\/ul>\n\n\n\n<div style=\"height:156px\" aria-hidden=\"true\" class=\"wp-block-spacer\"><\/div>\n\n\n\n<h3 class=\"wp-block-heading has-text-align-center\">Teste kostenlos<\/h3>\n\n\n\n<div style=\"height:65px\" aria-hidden=\"true\" class=\"wp-block-spacer\"><\/div>\n\n\n\n<style type=\"text\/css\">\n.pad-left {padding-left: 30px!important; padding-top: 20px!important;}\n.flex-grow {flex-grow: 1;}\nh2 a {text-decoration: none!important;}<br \/>\n<\/style>\n\n\n\n<div class=\"wp-block-group alignwide has-medium-font-size is-layout-grid wp-container-core-group-is-layout-9 wp-block-group-is-layout-grid\" style=\"border-style:none;border-width:0px;border-radius:0px;margin-top:0;margin-bottom:0;padding-top:0;padding-right:0;padding-bottom:0;padding-left:0\">\n<div class=\"wp-block-group wp-container-content-1 has-global-padding is-layout-constrained wp-container-core-group-is-layout-2 wp-block-group-is-layout-constrained\" style=\"border-style:none;border-width:0px;padding-top:0;padding-right:0px;padding-bottom:0;padding-left:0px\">\n<div class=\"wp-block-group pad-left has-base-color has-text-color has-background has-link-color wp-elements-bf017f1acb834a37eb9771257b42e03b has-global-padding is-layout-constrained wp-block-group-is-layout-constrained\" style=\"background-color:#feac53\">\n<h2 class=\"wp-block-heading has-text-align-left\"><a href=\"https:\/\/www.erpl-software.de\/erpl-family\/\" data-type=\"page\" data-id=\"1776\">ERPL Family<\/a><\/h2>\n\n\n\n<p><strong>Made easy for families<\/strong><\/p>\n\n\n\n<div style=\"height:15px\" aria-hidden=\"true\" class=\"wp-block-spacer flex-grow\"><\/div>\n\n\n\n<figure class=\"wp-block-image alignright size-full is-resized\"><a href=\"https:\/\/www.erpl-software.de\/erpl-family\/\"><img loading=\"lazy\" decoding=\"async\" width=\"918\" height=\"503\" src=\"https:\/\/www.erpl-software.de\/wp-content\/uploads\/2024\/10\/Screenshot-2024-10-18-at-18-17-36-Dokumente.png\" alt=\"\" class=\"wp-image-2044\" style=\"width:auto;height:300px\" srcset=\"https:\/\/erpl.app\/wp-content\/uploads\/2024\/10\/Screenshot-2024-10-18-at-18-17-36-Dokumente.png 918w, https:\/\/erpl.app\/wp-content\/uploads\/2024\/10\/Screenshot-2024-10-18-at-18-17-36-Dokumente-300x164.png 300w, https:\/\/erpl.app\/wp-content\/uploads\/2024\/10\/Screenshot-2024-10-18-at-18-17-36-Dokumente-768x421.png 768w\" sizes=\"(max-width: 918px) 100vw, 918px\" \/><\/a><\/figure>\n\n\n\n<hr class=\"wp-block-separator has-alpha-channel-opacity\"\/>\n\n\n\n<p><\/p>\n<\/div>\n\n\n\n<ul class=\"wp-block-list is-style-checkmark-list\">\n<li>The professional document management system for citizens<\/li>\n\n\n\n<li>Store your documents and search them<\/li>\n\n\n\n<li>Contacts and birthday calendar<\/li>\n\n\n\n<li>Access control for family members<\/li>\n<\/ul>\n\n\n\n<p><a href=\"https:\/\/www.erpl-software.de\/erpl-family\/\" data-type=\"page\" data-id=\"1776\">learn more<\/a><\/p>\n<\/div>\n\n\n\n<div class=\"wp-block-group wp-container-content-2 has-global-padding is-layout-constrained wp-block-group-is-layout-constrained\">\n<div class=\"wp-block-group pad-left has-base-color has-text-color has-background has-link-color wp-elements-2a563765defe87d59270c3741ff0fe90 has-global-padding is-layout-constrained wp-block-group-is-layout-constrained\" style=\"background-color:#866aed\">\n<h2 class=\"wp-block-heading has-text-align-left\"><a href=\"https:\/\/www.erpl-software.de\/erpl-verein-kostenlos\/\" data-type=\"page\" data-id=\"1222\">ERPL Club<\/a><\/h2>\n\n\n\n<p><strong>What your club needs<\/strong><\/p>\n\n\n\n<div style=\"height:20px\" aria-hidden=\"true\" class=\"wp-block-spacer flex-grow\"><\/div>\n\n\n\n<figure class=\"wp-block-image alignright size-large is-resized\"><a href=\"https:\/\/www.erpl-software.de\/erpl-verein-kostenlos\/\"><img loading=\"lazy\" decoding=\"async\" width=\"1024\" height=\"507\" src=\"https:\/\/www.erpl-software.de\/wp-content\/uploads\/2024\/10\/Screenshot-2024-10-18-at-18-19-45-Mitglieder-1024x507.png\" alt=\"\" class=\"wp-image-2046\" style=\"width:auto;height:300px\" srcset=\"https:\/\/erpl.app\/wp-content\/uploads\/2024\/10\/Screenshot-2024-10-18-at-18-19-45-Mitglieder-1024x507.png 1024w, https:\/\/erpl.app\/wp-content\/uploads\/2024\/10\/Screenshot-2024-10-18-at-18-19-45-Mitglieder-300x149.png 300w, https:\/\/erpl.app\/wp-content\/uploads\/2024\/10\/Screenshot-2024-10-18-at-18-19-45-Mitglieder-768x380.png 768w, https:\/\/erpl.app\/wp-content\/uploads\/2024\/10\/Screenshot-2024-10-18-at-18-19-45-Mitglieder.png 1232w\" sizes=\"(max-width: 1024px) 100vw, 1024px\" \/><\/a><\/figure>\n\n\n\n<hr class=\"wp-block-separator has-alpha-channel-opacity\"\/>\n\n\n\n<p><\/p>\n<\/div>\n\n\n\n<ul class=\"wp-block-list is-style-checkmark-list\">\n<li>Member management<\/li>\n\n\n\n<li>Contracts and memberships<\/li>\n\n\n\n<li>Direct debit<\/li>\n\n\n\n<li>Session protocols<\/li>\n<\/ul>\n\n\n\n<p><a href=\"https:\/\/www.erpl-software.de\/erpl-verein-kostenlos\/\" data-type=\"page\" data-id=\"1222\">learn more<\/a><\/p>\n<\/div>\n\n\n\n<div class=\"wp-block-group wp-container-content-3 has-global-padding is-layout-constrained wp-block-group-is-layout-constrained\">\n<div class=\"wp-block-group pad-left has-base-color has-text-color has-background has-link-color wp-elements-e5c849c9a0a79941d895291f0360477a has-global-padding is-layout-constrained wp-block-group-is-layout-constrained\" style=\"background-color:#4db56c\">\n<h2 class=\"wp-block-heading has-text-align-left\"><a href=\"https:\/\/www.erpl-software.de\/erpl-euer\/\" data-type=\"page\" data-id=\"2061\">ERPL VAT<\/a><\/h2>\n\n\n\n<p><strong>Accounting for small businesses<\/strong><\/p>\n\n\n\n<div style=\"height:16px\" aria-hidden=\"true\" class=\"wp-block-spacer flex-grow\"><\/div>\n\n\n\n<figure class=\"wp-block-image alignright size-full is-resized\"><img loading=\"lazy\" decoding=\"async\" width=\"1920\" height=\"963\" src=\"https:\/\/erpl.app\/wp-content\/uploads\/2024\/11\/Screenshot-2024-11-22-at-10-28-33-EUeR.png\" alt=\"\" class=\"wp-image-2236\" style=\"width:auto;height:300px\" srcset=\"https:\/\/erpl.app\/wp-content\/uploads\/2024\/11\/Screenshot-2024-11-22-at-10-28-33-EUeR.png 1920w, https:\/\/erpl.app\/wp-content\/uploads\/2024\/11\/Screenshot-2024-11-22-at-10-28-33-EUeR-300x150.png 300w, https:\/\/erpl.app\/wp-content\/uploads\/2024\/11\/Screenshot-2024-11-22-at-10-28-33-EUeR-768x385.png 768w, https:\/\/erpl.app\/wp-content\/uploads\/2024\/11\/Screenshot-2024-11-22-at-10-28-33-EUeR-1536x770.png 1536w\" sizes=\"(max-width: 1920px) 100vw, 1920px\" \/><\/figure>\n\n\n\n<hr class=\"wp-block-separator has-alpha-channel-opacity\"\/>\n\n\n\n<p><\/p>\n<\/div>\n\n\n\n<ul class=\"wp-block-list is-style-checkmark-list\">\n<li>Accounting for small businesses<\/li>\n\n\n\n<li>Offers \/ Quotes<\/li>\n\n\n\n<li>Invoices (e-Invoice is supported)<\/li>\n\n\n\n<li>Advance sales tax return<\/li>\n\n\n\n<li>Make your tax declaration with ease<\/li>\n\n\n\n<li>expandable<\/li>\n<\/ul>\n\n\n\n<p><a href=\"https:\/\/www.erpl-software.de\/erpl-euer\/\" data-type=\"page\" data-id=\"2061\">learn more<\/a><\/p>\n<\/div>\n\n\n\n<div class=\"wp-block-group wp-container-content-4 is-vertical is-layout-flex wp-container-core-group-is-layout-8 wp-block-group-is-layout-flex\">\n<div class=\"wp-block-group pad-left has-base-color has-text-color has-background has-link-color wp-elements-3fe4be30458a69f981cd2b1256418800 has-global-padding is-layout-constrained wp-block-group-is-layout-constrained\" style=\"background-color:#4968be\">\n<h2 class=\"wp-block-heading has-text-align-left\"><a href=\"https:\/\/www.erpl-software.de\/eprl-enterprise\/\" data-type=\"page\" data-id=\"2064\">ERPL Enterprise<\/a><\/h2>\n\n\n\n<p><strong>Open for all challenges<\/strong><\/p>\n\n\n\n<div style=\"height:13px\" aria-hidden=\"true\" class=\"wp-block-spacer flex-grow\"><\/div>\n\n\n\n<figure class=\"wp-block-image alignright size-large is-resized\"><a href=\"https:\/\/www.erpl-software.de\/eprl-enterprise\/\"><img loading=\"lazy\" decoding=\"async\" width=\"1024\" height=\"513\" src=\"https:\/\/www.erpl-software.de\/wp-content\/uploads\/2024\/10\/Screenshot-2024-10-18-at-18-22-57-Artikel-1024x513.png\" alt=\"\" class=\"wp-image-2048\" style=\"width:auto;height:300px\" srcset=\"https:\/\/erpl.app\/wp-content\/uploads\/2024\/10\/Screenshot-2024-10-18-at-18-22-57-Artikel-1024x513.png 1024w, https:\/\/erpl.app\/wp-content\/uploads\/2024\/10\/Screenshot-2024-10-18-at-18-22-57-Artikel-300x150.png 300w, https:\/\/erpl.app\/wp-content\/uploads\/2024\/10\/Screenshot-2024-10-18-at-18-22-57-Artikel-768x384.png 768w, https:\/\/erpl.app\/wp-content\/uploads\/2024\/10\/Screenshot-2024-10-18-at-18-22-57-Artikel-1536x769.png 1536w, https:\/\/erpl.app\/wp-content\/uploads\/2024\/10\/Screenshot-2024-10-18-at-18-22-57-Artikel.png 1914w\" sizes=\"(max-width: 1024px) 100vw, 1024px\" \/><\/a><\/figure>\n\n\n\n<hr class=\"wp-block-separator has-alpha-channel-opacity\"\/>\n<\/div>\n\n\n\n<ul class=\"wp-block-list is-style-checkmark-list\">\n<li>For accounting businesses<\/li>\n\n\n\n<li>More than 100 modules from warehousing over HR to fleet management<\/li>\n\n\n\n<li>More than one variant for each module - so that each industry will get what they need<\/li>\n\n\n\n<li>Extended access control system for big companies<\/li>\n\n\n\n<li>Full customizing<\/li>\n\n\n\n<li>Suitable for your budget<\/li>\n<\/ul>\n\n\n\n<p><a href=\"https:\/\/www.erpl-software.de\/eprl-enterprise\/\" data-type=\"page\" data-id=\"2064\">learn more<\/a><\/p>\n<\/div>\n<\/div>\n\n\n\n<div style=\"height:100px\" aria-hidden=\"true\" class=\"wp-block-spacer\"><\/div>\n\n\n\n<h3 class=\"wp-block-heading alignwide has-text-align-center\">Mit uns verbesserst du deine Compliance<\/h3>\n\n\n\n<div style=\"height:49px\" aria-hidden=\"true\" class=\"wp-block-spacer\"><\/div>\n\n\n\n<div class=\"wp-block-group alignwide has-medium-font-size is-layout-grid wp-container-core-group-is-layout-24 wp-block-group-is-layout-grid\" style=\"padding-right:0;padding-left:0\">\n<div class=\"wp-block-group is-vertical is-content-justification-stretch is-layout-flex wp-container-core-group-is-layout-11 wp-block-group-is-layout-flex\">\n<div class=\"wp-block-group wp-container-content-6 is-content-justification-center is-nowrap is-layout-flex wp-container-core-group-is-layout-10 wp-block-group-is-layout-flex\">\n<h2 class=\"wp-block-heading is-style-default has-xx-large-font-size\">ISO-9000<\/h2>\n<\/div>\n\n\n\n<p class=\"wp-container-content-7\">We have a document management system that fulfils ISO-9000 requirements. You can also get templates for work instructions from us for all processes that handle our software.<\/p>\n<\/div>\n\n\n\n<div class=\"wp-block-group is-vertical is-content-justification-stretch is-layout-flex wp-container-core-group-is-layout-13 wp-block-group-is-layout-flex\">\n<div class=\"wp-block-group wp-container-content-10 is-content-justification-center is-nowrap is-layout-flex wp-container-core-group-is-layout-12 wp-block-group-is-layout-flex\">\n<h2 class=\"wp-block-heading has-text-align-center has-xx-large-font-size\">ArbZG<\/h2>\n<\/div>\n\n\n\n<p>Our HR module keeps track on workers protection law compliance. You don't need to fear audits any more since you fulfill all documentation requirements.<\/p>\n<\/div>\n\n\n\n<div class=\"wp-block-group is-vertical is-content-justification-stretch is-layout-flex wp-container-core-group-is-layout-15 wp-block-group-is-layout-flex\">\n<div class=\"wp-block-group wp-container-content-12 is-content-justification-center is-nowrap is-layout-flex wp-container-core-group-is-layout-14 wp-block-group-is-layout-flex\">\n<figure class=\"wp-block-image size-full is-resized\"><img loading=\"lazy\" decoding=\"async\" width=\"3189\" height=\"1329\" src=\"https:\/\/www.erpl-software.de\/wp-content\/uploads\/2024\/10\/Logo_Der_Mittelstand_BVMW_Bundesverband.png\" alt=\"\" class=\"wp-image-2195\" style=\"width:auto;height:64px\" srcset=\"https:\/\/erpl.app\/wp-content\/uploads\/2024\/10\/Logo_Der_Mittelstand_BVMW_Bundesverband.png 3189w, https:\/\/erpl.app\/wp-content\/uploads\/2024\/10\/Logo_Der_Mittelstand_BVMW_Bundesverband-300x125.png 300w, https:\/\/erpl.app\/wp-content\/uploads\/2024\/10\/Logo_Der_Mittelstand_BVMW_Bundesverband-1024x427.png 1024w, https:\/\/erpl.app\/wp-content\/uploads\/2024\/10\/Logo_Der_Mittelstand_BVMW_Bundesverband-768x320.png 768w, https:\/\/erpl.app\/wp-content\/uploads\/2024\/10\/Logo_Der_Mittelstand_BVMW_Bundesverband-1536x640.png 1536w, https:\/\/erpl.app\/wp-content\/uploads\/2024\/10\/Logo_Der_Mittelstand_BVMW_Bundesverband-2048x853.png 2048w\" sizes=\"(max-width: 3189px) 100vw, 3189px\" \/><\/figure>\n<\/div>\n\n\n\n<p>We are member of BVMW, the largest small-and-medium-sized lobby in Germany.<\/p>\n<\/div>\n\n\n\n<div class=\"wp-block-group is-vertical is-content-justification-stretch is-layout-flex wp-container-core-group-is-layout-17 wp-block-group-is-layout-flex\">\n<div class=\"wp-block-group wp-container-content-14 is-content-justification-center is-nowrap is-layout-flex wp-container-core-group-is-layout-16 wp-block-group-is-layout-flex\">\n<figure class=\"wp-block-image size-large is-resized wp-duotone-unset-1\"><img loading=\"lazy\" decoding=\"async\" width=\"1024\" height=\"667\" src=\"https:\/\/www.erpl-software.de\/wp-content\/uploads\/2024\/10\/Deutschland-1024x667.png\" alt=\"\" class=\"wp-image-2157\" style=\"width:auto;height:64px\" srcset=\"https:\/\/erpl.app\/wp-content\/uploads\/2024\/10\/Deutschland-1024x667.png 1024w, https:\/\/erpl.app\/wp-content\/uploads\/2024\/10\/Deutschland-300x195.png 300w, https:\/\/erpl.app\/wp-content\/uploads\/2024\/10\/Deutschland-768x500.png 768w, https:\/\/erpl.app\/wp-content\/uploads\/2024\/10\/Deutschland-1536x1000.png 1536w, https:\/\/erpl.app\/wp-content\/uploads\/2024\/10\/Deutschland-2048x1333.png 2048w\" sizes=\"(max-width: 1024px) 100vw, 1024px\" \/><\/figure>\n<\/div>\n\n\n\n<p>Our servers are located in Falkenstein \/ Germany, no data is leaving our data centers.<\/p>\n<\/div>\n\n\n\n<div class=\"wp-block-group is-vertical is-content-justification-stretch is-layout-flex wp-container-core-group-is-layout-19 wp-block-group-is-layout-flex\">\n<div class=\"wp-block-group wp-container-content-16 is-content-justification-center is-nowrap is-layout-flex wp-container-core-group-is-layout-18 wp-block-group-is-layout-flex\">\n<figure class=\"wp-block-image size-large is-resized\"><img loading=\"lazy\" decoding=\"async\" width=\"1024\" height=\"375\" src=\"https:\/\/www.erpl-software.de\/wp-content\/uploads\/2024\/10\/FOP-1024x375.png\" alt=\"\" class=\"wp-image-2159\" style=\"width:142px;height:auto\" srcset=\"https:\/\/erpl.app\/wp-content\/uploads\/2024\/10\/FOP-1024x375.png 1024w, https:\/\/erpl.app\/wp-content\/uploads\/2024\/10\/FOP-300x110.png 300w, https:\/\/erpl.app\/wp-content\/uploads\/2024\/10\/FOP-768x281.png 768w, https:\/\/erpl.app\/wp-content\/uploads\/2024\/10\/FOP-1536x563.png 1536w, https:\/\/erpl.app\/wp-content\/uploads\/2024\/10\/FOP-2048x751.png 2048w\" sizes=\"(max-width: 1024px) 100vw, 1024px\" \/><\/figure>\n<\/div>\n\n\n\n<p>Die FOP-Technologie ist die technische Basis aller unserer Software-Produkte. Mit FOP erh\u00e4ltst du gut funktionierende Software, Such-, Filter- und Sortierfunktionen konsistent auf allen Ansichten und findest alle Funktionen schnell wieder.<\/p>\n<\/div>\n\n\n\n<div class=\"wp-block-group is-vertical is-content-justification-stretch is-layout-flex wp-container-core-group-is-layout-21 wp-block-group-is-layout-flex\">\n<div class=\"wp-block-group wp-container-content-19 is-content-justification-center is-nowrap is-layout-flex wp-container-core-group-is-layout-20 wp-block-group-is-layout-flex\">\n<h2 class=\"wp-block-heading has-xx-large-font-size\">GoBD<\/h2>\n<\/div>\n\n\n\n<p>Mit unserer Software erf\u00fcllst du die Anforderungen der Grunds\u00e4tze ordnungsgem\u00e4\u00dfer Datenverarbeitung in der Buchf\u00fchrung, d.h. alle Daten sind f\u00fcrs Finanzamt nachvollziehbar und du hast bei jeder Tiefenpr\u00fcfung perfekte Beweismittel.<\/p>\n<\/div>\n\n\n\n<div class=\"wp-block-group is-vertical is-content-justification-stretch is-layout-flex wp-container-core-group-is-layout-23 wp-block-group-is-layout-flex\">\n<div class=\"wp-block-group wp-container-content-21 is-content-justification-center is-nowrap is-layout-flex wp-container-core-group-is-layout-22 wp-block-group-is-layout-flex\">\n<figure class=\"wp-block-image size-full is-resized\"><img loading=\"lazy\" decoding=\"async\" width=\"333\" height=\"107\" src=\"https:\/\/www.erpl-software.de\/wp-content\/uploads\/2024\/10\/ZUGFeRD_Logo_RGB_oT.svg_.png\" alt=\"\" class=\"wp-image-2160\" style=\"width:auto;height:64px\" srcset=\"https:\/\/erpl.app\/wp-content\/uploads\/2024\/10\/ZUGFeRD_Logo_RGB_oT.svg_.png 333w, https:\/\/erpl.app\/wp-content\/uploads\/2024\/10\/ZUGFeRD_Logo_RGB_oT.svg_-300x96.png 300w\" sizes=\"(max-width: 333px) 100vw, 333px\" \/><\/figure>\n<\/div>\n\n\n\n<p>Unsere Software erzeugt g\u00fcltige e-Rechnungen, die immer mehr zur Pflicht werden. Auch beim Einlesen von e-Rechnungen sind bereits alle Daten vorbef\u00fcllt. Belege abtippen geh\u00f6rt also der Vergangenheit an.<\/p>\n<\/div>\n<\/div>\n\n\n\n<div style=\"height:259px\" aria-hidden=\"true\" class=\"wp-block-spacer\"><\/div>\n\n\n\n<h3 class=\"wp-block-heading has-text-align-center\">Welches ERPL ist das richtige f\u00fcr Dich?<\/h3>\n\n\n\n<style type=\"text\/css\">\n.table-colors th:nth-child(2), .table-colors tfoot td:nth-child(2) { background: #feac5380; }\n.table-colors th:nth-child(3), .table-colors tfoot td:nth-child(3) { background: #866aed80; }\n.table-colors th:nth-child(4), .table-colors tfoot td:nth-child(4) { background: #4db56c80; }\n.table-colors th:nth-child(5), .table-colors tfoot td:nth-child(5) { background: #4968be80; }\n<\/style>\n\n\n\n<div style=\"height:61px\" aria-hidden=\"true\" class=\"wp-block-spacer\"><\/div>\n\n\n\n<figure class=\"wp-block-table alignwide is-style-stripes table-colors\"><table class=\"has-background has-fixed-layout\" style=\"background-color:#63636329;border-width:1px\"><thead><tr><th><\/th><th><a href=\"https:\/\/www.erpl-software.de\/erpl-family\/\" data-type=\"page\" data-id=\"1776\">ERPL Family<\/a><\/th><th><a href=\"https:\/\/www.erpl-software.de\/erpl-verein-kostenlos\/\" data-type=\"page\" data-id=\"1222\">ERPL Club<\/a><\/th><th><a href=\"https:\/\/www.erpl-software.de\/erpl-euer\/\" data-type=\"page\" data-id=\"2061\">ERPL VAT<\/a><\/th><th><a href=\"https:\/\/www.erpl-software.de\/eprl-enterprise\/\" data-type=\"page\" data-id=\"2064\">ERPL Enterprise<\/a><\/th><\/tr><\/thead><tbody><tr><td>Zielgruppe<\/td><td>Familien<\/td><td>Vereine<\/td><td>IST-Versteuernde Unternehmen<\/td><td>SOLL-Versteuernde Unternehmen<\/td><\/tr><tr><td>Preis<\/td><td>Kostenlos <br>+ 20 \u20ac \/ Jahr f\u00fcr Extra-Speicher<\/td><td>Kostenlos<br>+ Addon-Module<\/td><td>20 \u20ac \/ Monat \/ Unternehmen<br>+ Addon-Module<\/td><td>70 \u20ac \/ Monat \/ Nutzer<br>+ Addon-Module<\/td><\/tr><tr><td>Kontakteliste<\/td><td>\u2713<\/td><td>\u2713<\/td><td>\u2713<\/td><td>\u2713<\/td><\/tr><tr><td>Dokumentenmanagement<\/td><td>\u2713<\/td><td>\u2713<\/td><td>\u2713<\/td><td>\u2713<\/td><\/tr><tr><td>Rechnungen \/ Beitr\u00e4ge<\/td><td><\/td><td>\u2713<\/td><td>\u2713<\/td><td>\u2713<\/td><\/tr><tr><td>Eingangsrechnungen<\/td><td><\/td><td><\/td><td>\u2713<\/td><td>\u2713<\/td><\/tr><tr><td>Lastschriften<\/td><td><\/td><td>\u2713<\/td><td><\/td><td>\u2713<\/td><\/tr><tr><td>Steuererkl\u00e4rung \/ Buchhaltung<\/td><td><\/td><td><\/td><td>\u2713<\/td><td>\u2713<\/td><\/tr><tr><td>Lieferscheine und Lager<\/td><td><\/td><td><\/td><td><\/td><td>\u2713<\/td><\/tr><tr><td>Personal<\/td><td><\/td><td><\/td><td><\/td><td>\u2713<\/td><\/tr><tr><td>Fuhrpark<\/td><td><\/td><td><\/td><td><\/td><td>\u2713<\/td><\/tr><tr><td>Schichtenplanung<\/td><td><\/td><td><\/td><td><\/td><td>\u2713<\/td><\/tr><tr><td>Lieferscheine und Lager<\/td><td><\/td><td><\/td><td><\/td><td>\u2713<\/td><\/tr><tr><td>Projektmanagement<\/td><td><\/td><td><\/td><td><\/td><td>\u2713<\/td><\/tr><tr><td>Ticketsystem<\/td><td><\/td><td><\/td><td><\/td><td>\u2713<\/td><\/tr><tr><td>Qualit\u00e4tsmanagement<\/td><td><\/td><td><\/td><td><\/td><td>\u2713<\/td><\/tr><\/tbody><tfoot><tr><td><strong>Registrieren<\/strong><\/td><td><a href=\"https:\/\/www.erpl-software.de\/erpl-family\/\" data-type=\"page\" data-id=\"1776\">ERPL Family (kostenlos)<\/a><\/td><td><a href=\"https:\/\/www.erpl-software.de\/erpl-verein-kostenlos\/\" data-type=\"page\" data-id=\"1222\">ERPL Verein (kostenlos)<\/a><\/td><td><a href=\"https:\/\/www.erpl-software.de\/erpl-euer\/\" data-type=\"page\" data-id=\"2061\">ERPL VAT<\/a><\/td><td><a href=\"https:\/\/www.erpl-software.de\/eprl-enterprise\/\" data-type=\"page\" data-id=\"2064\">EPRL Enterprise<\/a><\/td><\/tr><\/tfoot><\/table><\/figure>\n\n\n\n<div style=\"height:100px\" aria-hidden=\"true\" class=\"wp-block-spacer\"><\/div>\n\n\n\n<h3 class=\"wp-block-heading\">Jetzt dein eigenes ERPL konfigurieren:<\/h3>\n\n\n<p><iframe style=\"width: 100%; height: 700px; border: none; position: relative;\" src=\"https:\/\/launix.de\/fop\/sales\/sales\/\"><\/iframe><\/p>\n\n\n<h3 class=\"wp-block-heading\">Dein Business w\u00e4chst? Dein ERP w\u00e4chst mit!<\/h3>\n\n\n\n<p>ERPL.app ist der perfekte Startpunkt. Und wenn deine Anforderungen komplexer werden, begleitet dich unsere Technologie nahtlos weiter. Die gleiche FOP-Basis, die ERPL.app so flexibel macht, erm\u00f6glicht es uns, dein System bei Launix individuell zu erweitern und anzupassen \u2013 bis hin zu einem Full-Customizing-ERP, das exakt deine Prozesse abbildet. Wachsen ohne zu wechseln \u2013 das ist unser Versprechen.<\/p>\n\n\n\n<p><a href=\"https:\/\/launix.de\" target=\"_blank\" rel=\"noreferrer noopener\">Erfahre mehr \u00fcber ma\u00dfgeschneiderte L\u00f6sungen auf launix.de<\/a><\/p>\n\n\n\n<p><a href=\"\" rel=\"noreferrer noopener\" target=\"_blank\"><\/a><\/p>\n\n\n\n<p><\/p>","protected":false},"excerpt":{"rendered":"<p>Mit unserer Software verwaltest du dein Unternehmen, deine Familie oder deinen Verein im Handstreich. Die Arbeitserleichterung ist sp\u00fcrbar: Teste kostenlos ERPL Family F\u00fcr Familien ganz einfach mehr erfahren ERPL Verein Alles, was Vereine brauchen mehr erfahren ERPL E\u00dcR F\u00fcr Unternehmen mit E\u00dcR mehr erfahren ERPL Enterprise F\u00fcr jede Herausforderung bereit mehr erfahren Mit uns verbesserst [&hellip;]<\/p>","protected":false},"author":1,"featured_media":0,"parent":0,"menu_order":0,"comment_status":"open","ping_status":"closed","template":"page-templates\/pagebuilder.php","meta":{"footnotes":""},"class_list":["post-1100","page","type-page","status-publish","hentry"],"_links":{"self":[{"href":"https:\/\/erpl.app\/en\/wp-json\/wp\/v2\/pages\/1100"}],"collection":[{"href":"https:\/\/erpl.app\/en\/wp-json\/wp\/v2\/pages"}],"about":[{"href":"https:\/\/erpl.app\/en\/wp-json\/wp\/v2\/types\/page"}],"author":[{"embeddable":true,"href":"https:\/\/erpl.app\/en\/wp-json\/wp\/v2\/users\/1"}],"replies":[{"embeddable":true,"href":"https:\/\/erpl.app\/en\/wp-json\/wp\/v2\/comments?post=1100"}],"version-history":[{"count":309,"href":"https:\/\/erpl.app\/en\/wp-json\/wp\/v2\/pages\/1100\/revisions"}],"predecessor-version":[{"id":2260,"href":"https:\/\/erpl.app\/en\/wp-json\/wp\/v2\/pages\/1100\/revisions\/2260"}],"wp:attachment":[{"href":"https:\/\/erpl.app\/en\/wp-json\/wp\/v2\/media?parent=1100"}],"curies":[{"name":"wp","href":"https:\/\/api.w.org\/{rel}","templated":true}]}}